{"id":1697,"date":"2019-01-25T11:48:14","date_gmt":"2019-01-25T10:48:14","guid":{"rendered":"https:\/\/hardangerfjstg.wpenginepowered.com\/our-rooms\/suite\/"},"modified":"2022-01-13T12:58:29","modified_gmt":"2022-01-13T11:58:29","slug":"suite","status":"publish","type":"page","link":"https:\/\/hardangerfjord-hotel.no\/en\/our-rooms\/suite\/","title":{"rendered":"Suite"},"content":{"rendered":"<div class=\"wpb-content-wrapper\"><p>[vc_row full_width=&#8221;stretch_row&#8221; bg_type=&#8221;image&#8221; parallax_style=&#8221;vcpb-default&#8221; bg_image_new=&#8221;id^89|url^https:\/\/hardangerfjord-hotel.no\/wp-content\/uploads\/suite-room.jpg|caption^null|alt^null|title^suite-room|description^null&#8221; bg_img_attach=&#8221;fixed&#8221; el_class=&#8221;room-top&#8221;][vc_column][\/vc_column][\/vc_row][vc_row gap=&#8221;35&#8243; el_class=&#8221;padded-section&#8221;][vc_column width=&#8221;1\/2&#8243;][vc_column_text css_animation=&#8221;fadeInUp&#8221; css=&#8221;.vc_custom_1572532633547{margin-bottom: 45px !important;}&#8221;]<\/p>\n<div class=\"vertical-border\"><\/div>\n<h1 class=\"rooms-title\">Suite<\/h1>\n<p>[\/vc_column_text][vc_column_text css_animation=&#8221;fadeInUp&#8221;]When you want to treat yourself to something extra during your stay in Hardanger.<\/p>\n<p>The suite is perfect for honeymooners or when you want to make your stay truly memorable.[\/vc_column_text][vc_column_text css_animation=&#8221;fadeInLeft&#8221; el_class=&#8221;booking-link&#8221;]<a href=\"https:\/\/hardangerfjord-hotel.no\/no\/bestill-rom\/#\/hotelbooking\">Book this room <i class=\"fal fa-long-arrow-right\"><\/i><\/a>[\/vc_column_text][\/vc_column][vc_column width=&#8221;1\/2&#8243;][\/vc_column][\/vc_row][vc_row gap=&#8221;35&#8243; el_class=&#8221;padded-section-bottom&#8221;][vc_column width=&#8221;1\/2&#8243;][vc_single_image image=&#8221;91&#8243; img_size=&#8221;full&#8221; css_animation=&#8221;fadeInUp&#8221;][\/vc_column][vc_column width=&#8221;1\/2&#8243;][vc_single_image image=&#8221;90&#8243; img_size=&#8221;full&#8221; css_animation=&#8221;fadeInUp&#8221; el_class=&#8221;room-image-right&#8221;][\/vc_column][\/vc_row][vc_row full_width=&#8221;stretch_row&#8221; bg_type=&#8221;bg_color&#8221; el_class=&#8221;padded-section-big&#8221; bg_color_value=&#8221;rgba(146,178,191,0.16)&#8221;][vc_column][vc_column_text css_animation=&#8221;fadeInUp&#8221;]<\/p>\n<h2>Amenities<\/h2>\n<p>[\/vc_column_text][vc_row_inner gap=&#8221;25&#8243; el_class=&#8221;facilities&#8221; css=&#8221;.vc_custom_1548325060103{margin-top: 35px !important;}&#8221;][vc_column_inner width=&#8221;1\/4&#8243;][vc_column_text css_animation=&#8221;fadeInUp&#8221;]<i class=\"fal fa-wifi\"><\/i> Complimentary Wi-Fi<\/p>\n<p><i class=\"fal fa-bed\"><\/i> King Size bed<\/p>\n<p><i class=\"fal fa-bath\"><\/i> Bathroom[\/vc_column_text][\/vc_column_inner][vc_column_inner width=&#8221;1\/4&#8243;][vc_column_text css_animation=&#8221;fadeInUp&#8221;]<i class=\"fal fa-wind\"><\/i> Hairdryer<\/p>\n<p><i class=\"fal fa-door-closed\"><\/i> Mini fridge<\/p>\n<p><i class=\"fal fa-user-tie\"><\/i> Trouser press[\/vc_column_text][\/vc_column_inner][vc_column_inner width=&#8221;1\/4&#8243;][vc_column_text css_animation=&#8221;fadeInUp&#8221;]<i class=\"fal fa-temperature-high\"><\/i> Bathrobes<\/p>\n<p><i class=\"fal fa-coffee\"><\/i> Kettle with coffee and tea<\/p>\n<p><i class=\"fal fa-phone-office\"><\/i> Phone &#8211; for internal use[\/vc_column_text][\/vc_column_inner][vc_column_inner width=&#8221;1\/4&#8243;][\/vc_column_inner][\/vc_row_inner][\/vc_column][\/vc_row][vc_row full_width=&#8221;stretch_row&#8221; full_height=&#8221;yes&#8221; bg_type=&#8221;image&#8221; parallax_style=&#8221;vcpb-default&#8221; bg_image_new=&#8221;id^22|url^https:\/\/hardangerfjord-hotel.no\/wp-content\/uploads\/ciderrute.jpg|caption^null|alt^null|title^ciderrute|description^null&#8221; bg_img_attach=&#8221;fixed&#8221; enable_overlay=&#8221;enable_overlay_value&#8221; overlay_color=&#8221;rgba(31,81,97,0.2)&#8221; el_class=&#8221;white-text&#8221;][vc_column][vc_row_inner][vc_column_inner width=&#8221;1\/4&#8243;][\/vc_column_inner][vc_column_inner width=&#8221;1\/2&#8243;][vc_column_text css_animation=&#8221;fadeInUp&#8221;]<\/p>\n<div class=\"slim-line-heading\"><\/div>\n<h2 class=\"slim-line\">For nature lovers, foodies and intrepid explorers.<\/h2>\n<p>[\/vc_column_text][\/vc_column_inner][vc_column_inner width=&#8221;1\/4&#8243;][\/vc_column_inner][\/vc_row_inner][\/vc_column][\/vc_row][vc_row][vc_column]<div class=\"templatera_shortcode\"><div data-vc-full-width=\"true\" data-vc-full-width-temp=\"true\" data-vc-full-width-init=\"false\" class=\"vc_row wpb_row vc_row-fluid padded-section-big-top\"><div class=\"wpb_column vc_column_container vc_col-sm-4\"><div class=\"vc_column-inner\"><div class=\"wpb_wrapper\"><\/div><\/div><\/div><div class=\"wpb_column vc_column_container vc_col-sm-4\"><div class=\"vc_column-inner\"><div class=\"wpb_wrapper\">\n\t<div class=\"wpb_text_column wpb_content_element wpb_animate_when_almost_visible wpb_fadeInUp fadeInUp\" >\n\t\t<div class=\"wpb_wrapper\">\n\t\t\t<div class=\"slim-line-heading\"><\/div>\n<h2 class=\"slim-line\">Our rooms<\/h2>\n\n\t\t<\/div>\n\t<\/div>\n\n\t<div class=\"wpb_text_column wpb_content_element vc_custom_1642074485756\" >\n\t\t<div class=\"wpb_wrapper\">\n\t\t\t<p>Newly refurbished in a modern Nordic style, our rooms are the perfect starting point for your Hardangerfjord experience.<\/p>\n\n\t\t<\/div>\n\t<\/div>\n<\/div><\/div><\/div><div class=\"wpb_column vc_column_container vc_col-sm-4\"><div class=\"vc_column-inner\"><div class=\"wpb_wrapper\"><\/div><\/div><\/div><\/div><div class=\"vc_row-full-width vc_clearfix\"><\/div><!-- Row Backgrounds --><div class=\"upb_color\" data-bg-override=\"0\" data-bg-color=\"rgba(146,178,191,0.16)\" data-fadeout=\"\" data-fadeout-percentage=\"30\" data-parallax-content=\"\" data-parallax-content-sense=\"30\" data-row-effect-mobile-disable=\"true\" data-img-parallax-mobile-disable=\"true\" data-rtl=\"false\"  data-custom-vc-row=\"\"  data-vc=\"8.7.2\"  data-is_old_vc=\"\"  data-theme-support=\"\"   data-overlay=\"false\" data-overlay-color=\"\" data-overlay-pattern=\"\" data-overlay-pattern-opacity=\"\" data-overlay-pattern-size=\"\"    ><\/div><div data-vc-full-width=\"true\" data-vc-full-width-temp=\"true\" data-vc-full-width-init=\"false\" class=\"vc_row wpb_row vc_row-fluid padded-section-medium-big vc_column-gap-20 vc_row-o-content-middle vc_row-flex\"><div class=\"wpb_animate_when_almost_visible wpb_fadeInUp fadeInUp wpb_column vc_column_container vc_col-sm-3\"><div class=\"vc_column-inner\"><div class=\"wpb_wrapper\"><div class=\"ult-content-box-container box-link\" >\t<a class=\"ult-content-box-anchor\" href=\"https:\/\/hardangerfjord-hotel.no\/en\/romma\/enkeltrom\/\" title=\"Enkeltrom\" >\t\t<div class=\"ult-content-box\" style=\"box-shadow: px px px px none;-webkit-transition: all 700ms ease;-moz-transition: all 700ms ease;-ms-transition: all 700ms ease;-o-transition: all 700ms ease;transition: all 700ms ease;\"  data-hover_box_shadow=\"none\"    ><div class=\"vc_row wpb_row vc_inner vc_row-fluid\"><div class=\"box-top-rooms wpb_column vc_column_container vc_col-sm-12\"><div class=\"vc_column-inner\"><div class=\"wpb_wrapper\"><\/div><\/div><\/div><\/div><div class=\"vc_row wpb_row vc_inner vc_row-fluid\"><div class=\"box-bottom wpb_column vc_column_container vc_col-sm-12\"><div class=\"vc_column-inner\"><div class=\"wpb_wrapper\">\n\t<div  class=\"wpb_single_image wpb_content_element vc_align_left wpb_content_element vc_custom_1642064588572  box-image\">\n\t\t\n\t\t<figure class=\"wpb_wrapper vc_figure\">\n\t\t\t<div class=\"vc_single_image-wrapper   vc_box_border_grey\"><img decoding=\"async\" class=\"vc_single_image-img \" src=\"https:\/\/hardangerfjord-hotel.no\/wp-content\/uploads\/enkeltrom-2.jpg\" width=\"1000\" height=\"1000\" alt=\"enkeltrom-2\" title=\"enkeltrom-2\" loading=\"lazy\" \/><\/div>\n\t\t<\/figure>\n\t<\/div>\n\n\t<div class=\"wpb_text_column wpb_content_element\" >\n\t\t<div class=\"wpb_wrapper\">\n\t\t\t<h2>Single room<\/h2>\n<p>Comfortable rooms with all you need for an enjoyable stay in Hardanger.<\/p>\n\n\t\t<\/div>\n\t<\/div>\n<\/div><\/div><\/div><\/div>\t\t<\/div>\t<\/a><\/div><\/div><\/div><\/div><div class=\"wpb_animate_when_almost_visible wpb_fadeInUp fadeInUp wpb_column vc_column_container vc_col-sm-3\"><div class=\"vc_column-inner\"><div class=\"wpb_wrapper\"><div class=\"ult-content-box-container box-link\" >\t<a class=\"ult-content-box-anchor\" href=\"https:\/\/hardangerfjord-hotel.no\/en\/romma\/dobbeltrom\/\" title=\"Dobbeltrom\" >\t\t<div class=\"ult-content-box\" style=\"box-shadow: px px px px none;-webkit-transition: all 700ms ease;-moz-transition: all 700ms ease;-ms-transition: all 700ms ease;-o-transition: all 700ms ease;transition: all 700ms ease;\"  data-hover_box_shadow=\"none\"    ><div class=\"vc_row wpb_row vc_inner vc_row-fluid\"><div class=\"box-top-rooms wpb_column vc_column_container vc_col-sm-12\"><div class=\"vc_column-inner\"><div class=\"wpb_wrapper\"><\/div><\/div><\/div><\/div><div class=\"vc_row wpb_row vc_inner vc_row-fluid\"><div class=\"box-bottom wpb_column vc_column_container vc_col-sm-12\"><div class=\"vc_column-inner\"><div class=\"wpb_wrapper\">\n\t<div  class=\"wpb_single_image wpb_content_element vc_align_left wpb_content_element vc_custom_1642064603576  box-image\">\n\t\t\n\t\t<figure class=\"wpb_wrapper vc_figure\">\n\t\t\t<div class=\"vc_single_image-wrapper   vc_box_border_grey\"><img decoding=\"async\" class=\"vc_single_image-img \" src=\"https:\/\/hardangerfjord-hotel.no\/wp-content\/uploads\/dobbeltrom-1.jpg\" width=\"1000\" height=\"1000\" alt=\"dobbeltrom-1\" title=\"dobbeltrom-1\" loading=\"lazy\" \/><\/div>\n\t\t<\/figure>\n\t<\/div>\n\n\t<div class=\"wpb_text_column wpb_content_element\" >\n\t\t<div class=\"wpb_wrapper\">\n\t\t\t<h2>Double room<\/h2>\n<p>Spacious and airy double rooms with views to the fjord, gardens or city center.<\/p>\n\n\t\t<\/div>\n\t<\/div>\n<\/div><\/div><\/div><\/div>\t\t<\/div>\t<\/a><\/div><\/div><\/div><\/div><div class=\"wpb_animate_when_almost_visible wpb_fadeInUp fadeInUp wpb_column vc_column_container vc_col-sm-3\"><div class=\"vc_column-inner\"><div class=\"wpb_wrapper\"><div class=\"ult-content-box-container box-link\" >\t<a class=\"ult-content-box-anchor\" href=\"https:\/\/hardangerfjord-hotel.no\/en\/our-rooms\/familierom\/\" title=\"Familierom\" >\t\t<div class=\"ult-content-box\" style=\"box-shadow: px px px px none;-webkit-transition: all 700ms ease;-moz-transition: all 700ms ease;-ms-transition: all 700ms ease;-o-transition: all 700ms ease;transition: all 700ms ease;\"  data-hover_box_shadow=\"none\"    ><div class=\"vc_row wpb_row vc_inner vc_row-fluid\"><div class=\"box-top-rooms wpb_column vc_column_container vc_col-sm-12\"><div class=\"vc_column-inner\"><div class=\"wpb_wrapper\"><\/div><\/div><\/div><\/div><div class=\"vc_row wpb_row vc_inner vc_row-fluid\"><div class=\"box-bottom wpb_column vc_column_container vc_col-sm-12\"><div class=\"vc_column-inner\"><div class=\"wpb_wrapper\">\n\t<div  class=\"wpb_single_image wpb_content_element vc_align_left wpb_content_element vc_custom_1642065898353  box-image\">\n\t\t\n\t\t<figure class=\"wpb_wrapper vc_figure\">\n\t\t\t<div class=\"vc_single_image-wrapper   vc_box_border_grey\"><img decoding=\"async\" class=\"vc_single_image-img \" src=\"https:\/\/hardangerfjord-hotel.no\/wp-content\/uploads\/familierom-2.jpg\" width=\"1000\" height=\"1000\" alt=\"familierom-2\" title=\"familierom-2\" loading=\"lazy\" \/><\/div>\n\t\t<\/figure>\n\t<\/div>\n\n\t<div class=\"wpb_text_column wpb_content_element\" >\n\t\t<div class=\"wpb_wrapper\">\n\t\t\t<h2>Family room<\/h2>\n<p>Spacious family rooms with views to the garden, fjord or city center.<\/p>\n\n\t\t<\/div>\n\t<\/div>\n<\/div><\/div><\/div><\/div>\t\t<\/div>\t<\/a><\/div><\/div><\/div><\/div><div class=\"wpb_animate_when_almost_visible wpb_fadeInUp fadeInUp wpb_column vc_column_container vc_col-sm-3\"><div class=\"vc_column-inner\"><div class=\"wpb_wrapper\"><div class=\"ult-content-box-container box-link\" >\t<a class=\"ult-content-box-anchor\" href=\"https:\/\/hardangerfjord-hotel.no\/en\/romma\/suite\/\" title=\"Suites\" >\t\t<div class=\"ult-content-box\" style=\"box-shadow: px px px px none;-webkit-transition: all 700ms ease;-moz-transition: all 700ms ease;-ms-transition: all 700ms ease;-o-transition: all 700ms ease;transition: all 700ms ease;\"  data-hover_box_shadow=\"none\"    ><div class=\"vc_row wpb_row vc_inner vc_row-fluid\"><div class=\"box-top-rooms wpb_column vc_column_container vc_col-sm-12\"><div class=\"vc_column-inner\"><div class=\"wpb_wrapper\"><\/div><\/div><\/div><\/div><div class=\"vc_row wpb_row vc_inner vc_row-fluid\"><div class=\"box-bottom wpb_column vc_column_container vc_col-sm-12\"><div class=\"vc_column-inner\"><div class=\"wpb_wrapper\">\n\t<div  class=\"wpb_single_image wpb_content_element vc_align_left wpb_content_element vc_custom_1575900776801  box-image\">\n\t\t\n\t\t<figure class=\"wpb_wrapper vc_figure\">\n\t\t\t<div class=\"vc_single_image-wrapper   vc_box_border_grey\"><img decoding=\"async\" class=\"vc_single_image-img \" src=\"https:\/\/hardangerfjord-hotel.no\/wp-content\/uploads\/suite-2.jpg\" width=\"1000\" height=\"1000\" alt=\"suite-2\" title=\"suite-2\" loading=\"lazy\" \/><\/div>\n\t\t<\/figure>\n\t<\/div>\n\n\t<div class=\"wpb_text_column wpb_content_element\" >\n\t\t<div class=\"wpb_wrapper\">\n\t\t\t<h2>Suite<\/h2>\n<p>When you want to treat yourself to something extra during your stay in Hardanger.<\/p>\n\n\t\t<\/div>\n\t<\/div>\n<\/div><\/div><\/div><\/div>\t\t<\/div>\t<\/a><\/div><\/div><\/div><\/div><\/div><div class=\"vc_row-full-width vc_clearfix\"><\/div><!-- Row Backgrounds --><div class=\"upb_color\" data-bg-override=\"0\" data-bg-color=\"rgba(146,178,191,0.16)\" data-fadeout=\"\" data-fadeout-percentage=\"30\" data-parallax-content=\"\" data-parallax-content-sense=\"30\" data-row-effect-mobile-disable=\"true\" data-img-parallax-mobile-disable=\"true\" data-rtl=\"false\"  data-custom-vc-row=\"\"  data-vc=\"8.7.2\"  data-is_old_vc=\"\"  data-theme-support=\"\"   data-overlay=\"false\" data-overlay-color=\"\" data-overlay-pattern=\"\" data-overlay-pattern-opacity=\"\" data-overlay-pattern-size=\"\"    ><\/div><\/div>[\/vc_column][\/vc_row][vc_row full_width=&#8221;stretch_row&#8221; bg_type=&#8221;image&#8221; parallax_style=&#8221;vcpb-default&#8221; bg_image_new=&#8221;id^69|url^https:\/\/hardangerfjord-hotel.no\/wp-content\/uploads\/pattern-bg-01.png|caption^null|alt^null|title^pattern-bg-01|description^null&#8221; bg_img_attach=&#8221;fixed&#8221; el_class=&#8221;bottom-row&#8221;][vc_column width=&#8221;1\/4&#8243;][\/vc_column][vc_column width=&#8221;1\/2&#8243;][vc_column_text css_animation=&#8221;fadeInUp&#8221;]<\/p>\n<h2>Wake up to the fjords<\/h2>\n<p>[\/vc_column_text][vc_column_text css_animation=&#8221;fadeInLeft&#8221; el_class=&#8221;booking-link&#8221;]<a href=\"https:\/\/hardangerfjord-hotel.no\/no\/bestill-rom\/#\/hotelbooking\">Book your stay today <i class=\"fal fa-long-arrow-right\"><\/i><\/a>[\/vc_column_text][\/vc_column][vc_column width=&#8221;1\/4&#8243;][\/vc_column][\/vc_row]<\/p>\n<\/div>","protected":false},"excerpt":{"rendered":"Suite When you want to treat yourself to something extra during your stay in Hardanger. The suite is perfect for honeymooners or when you want to make your stay truly memorable. Book this room Amenities Complimentary Wi-Fi King Size bed Bathroom Hairdryer Mini fridge Trouser press Bathrobes Kettle with coffee and tea Phone - for ...","protected":false},"author":2,"featured_media":0,"parent":247,"menu_order":1,"comment_status":"closed","ping_status":"closed","template":"","meta":{"footnotes":""},"class_list":["post-1697","page","type-page","status-publish","hentry"],"yoast_head":"<!-- This site is optimized with the Yoast SEO plugin v26.8 - https:\/\/yoast.com\/product\/yoast-seo-wordpress\/ -->\n<title>Suitene | Hardangerfjord Hotel by Fjordtind<\/title>\n<meta name=\"description\" content=\"Opplev Hardanger i luksus i en av v\u00e5re p\u00e5kostede suiter. Book rom p\u00e5 nett!\" \/>\n<meta name=\"robots\" content=\"index, follow, max-snippet:-1, max-image-preview:large, max-video-preview:-1\" \/>\n<link rel=\"canonical\" href=\"https:\/\/hardangerfjord-hotel.no\/en\/our-rooms\/suite\/\" \/>\n<meta property=\"og:locale\" content=\"en_US\" \/>\n<meta property=\"og:type\" content=\"article\" \/>\n<meta property=\"og:title\" content=\"Suitene | Hardangerfjord Hotel by Fjordtind\" \/>\n<meta property=\"og:description\" content=\"Opplev Hardanger i luksus i en av v\u00e5re p\u00e5kostede suiter. Book rom p\u00e5 nett!\" \/>\n<meta property=\"og:url\" content=\"https:\/\/hardangerfjord-hotel.no\/en\/our-rooms\/suite\/\" \/>\n<meta property=\"og:site_name\" content=\"Hardangerfjord Hotel by Fjordtind\" \/>\n<meta property=\"article:publisher\" content=\"https:\/\/www.facebook.com\/Hardangerfjord\/\" \/>\n<meta property=\"article:modified_time\" content=\"2022-01-13T11:58:29+00:00\" \/>\n<meta name=\"twitter:card\" content=\"summary_large_image\" \/>\n<meta name=\"twitter:label1\" content=\"Est. reading time\" \/>\n\t<meta name=\"twitter:data1\" content=\"1 minute\" \/>\n<script type=\"application\/ld+json\" class=\"yoast-schema-graph\">{\"@context\":\"https:\/\/schema.org\",\"@graph\":[{\"@type\":\"WebPage\",\"@id\":\"https:\/\/hardangerfjord-hotel.no\/en\/our-rooms\/suite\/\",\"url\":\"https:\/\/hardangerfjord-hotel.no\/en\/our-rooms\/suite\/\",\"name\":\"Suitene | Hardangerfjord Hotel by Fjordtind\",\"isPartOf\":{\"@id\":\"https:\/\/hardangerfjord-hotel.no\/en\/#website\"},\"datePublished\":\"2019-01-25T10:48:14+00:00\",\"dateModified\":\"2022-01-13T11:58:29+00:00\",\"description\":\"Opplev Hardanger i luksus i en av v\u00e5re p\u00e5kostede suiter. Book rom p\u00e5 nett!\",\"breadcrumb\":{\"@id\":\"https:\/\/hardangerfjord-hotel.no\/en\/our-rooms\/suite\/#breadcrumb\"},\"inLanguage\":\"en-US\",\"potentialAction\":[{\"@type\":\"ReadAction\",\"target\":[\"https:\/\/hardangerfjord-hotel.no\/en\/our-rooms\/suite\/\"]}]},{\"@type\":\"BreadcrumbList\",\"@id\":\"https:\/\/hardangerfjord-hotel.no\/en\/our-rooms\/suite\/#breadcrumb\",\"itemListElement\":[{\"@type\":\"ListItem\",\"position\":1,\"name\":\"Hjem\",\"item\":\"https:\/\/hardangerfjord-hotel.no\/en\/\"},{\"@type\":\"ListItem\",\"position\":2,\"name\":\"Our rooms\",\"item\":\"https:\/\/hardangerfjord-hotel.no\/en\/our-rooms\/\"},{\"@type\":\"ListItem\",\"position\":3,\"name\":\"Suite\"}]},{\"@type\":\"WebSite\",\"@id\":\"https:\/\/hardangerfjord-hotel.no\/en\/#website\",\"url\":\"https:\/\/hardangerfjord-hotel.no\/en\/\",\"name\":\"Hardangerfjord Hotel by Fjordtind\",\"description\":\"Sjekk inn i Hardanger\",\"publisher\":{\"@id\":\"https:\/\/hardangerfjord-hotel.no\/en\/#organization\"},\"potentialAction\":[{\"@type\":\"SearchAction\",\"target\":{\"@type\":\"EntryPoint\",\"urlTemplate\":\"https:\/\/hardangerfjord-hotel.no\/en\/?s={search_term_string}\"},\"query-input\":{\"@type\":\"PropertyValueSpecification\",\"valueRequired\":true,\"valueName\":\"search_term_string\"}}],\"inLanguage\":\"en-US\"},{\"@type\":\"Organization\",\"@id\":\"https:\/\/hardangerfjord-hotel.no\/en\/#organization\",\"name\":\"Brakanes Hotel\",\"url\":\"https:\/\/hardangerfjord-hotel.no\/en\/\",\"logo\":{\"@type\":\"ImageObject\",\"inLanguage\":\"en-US\",\"@id\":\"https:\/\/hardangerfjord-hotel.no\/en\/#\/schema\/logo\/image\/\",\"url\":\"https:\/\/hardangerfjord-hotel.no\/wp-content\/uploads\/brakanes-hotel-hvit.png\",\"contentUrl\":\"https:\/\/hardangerfjord-hotel.no\/wp-content\/uploads\/brakanes-hotel-hvit.png\",\"width\":820,\"height\":419,\"caption\":\"Brakanes Hotel\"},\"image\":{\"@id\":\"https:\/\/hardangerfjord-hotel.no\/en\/#\/schema\/logo\/image\/\"},\"sameAs\":[\"https:\/\/www.facebook.com\/Hardangerfjord\/\",\"https:\/\/www.instagram.com\/hardangerfjordhotel\/\"]}]}<\/script>\n<!-- \/ Yoast SEO plugin. -->","yoast_head_json":{"title":"Suitene | Hardangerfjord Hotel by Fjordtind","description":"Opplev Hardanger i luksus i en av v\u00e5re p\u00e5kostede suiter. Book rom p\u00e5 nett!","robots":{"index":"index","follow":"follow","max-snippet":"max-snippet:-1","max-image-preview":"max-image-preview:large","max-video-preview":"max-video-preview:-1"},"canonical":"https:\/\/hardangerfjord-hotel.no\/en\/our-rooms\/suite\/","og_locale":"en_US","og_type":"article","og_title":"Suitene | Hardangerfjord Hotel by Fjordtind","og_description":"Opplev Hardanger i luksus i en av v\u00e5re p\u00e5kostede suiter. Book rom p\u00e5 nett!","og_url":"https:\/\/hardangerfjord-hotel.no\/en\/our-rooms\/suite\/","og_site_name":"Hardangerfjord Hotel by Fjordtind","article_publisher":"https:\/\/www.facebook.com\/Hardangerfjord\/","article_modified_time":"2022-01-13T11:58:29+00:00","twitter_card":"summary_large_image","twitter_misc":{"Est. reading time":"1 minute"},"schema":{"@context":"https:\/\/schema.org","@graph":[{"@type":"WebPage","@id":"https:\/\/hardangerfjord-hotel.no\/en\/our-rooms\/suite\/","url":"https:\/\/hardangerfjord-hotel.no\/en\/our-rooms\/suite\/","name":"Suitene | Hardangerfjord Hotel by Fjordtind","isPartOf":{"@id":"https:\/\/hardangerfjord-hotel.no\/en\/#website"},"datePublished":"2019-01-25T10:48:14+00:00","dateModified":"2022-01-13T11:58:29+00:00","description":"Opplev Hardanger i luksus i en av v\u00e5re p\u00e5kostede suiter. Book rom p\u00e5 nett!","breadcrumb":{"@id":"https:\/\/hardangerfjord-hotel.no\/en\/our-rooms\/suite\/#breadcrumb"},"inLanguage":"en-US","potentialAction":[{"@type":"ReadAction","target":["https:\/\/hardangerfjord-hotel.no\/en\/our-rooms\/suite\/"]}]},{"@type":"BreadcrumbList","@id":"https:\/\/hardangerfjord-hotel.no\/en\/our-rooms\/suite\/#breadcrumb","itemListElement":[{"@type":"ListItem","position":1,"name":"Hjem","item":"https:\/\/hardangerfjord-hotel.no\/en\/"},{"@type":"ListItem","position":2,"name":"Our rooms","item":"https:\/\/hardangerfjord-hotel.no\/en\/our-rooms\/"},{"@type":"ListItem","position":3,"name":"Suite"}]},{"@type":"WebSite","@id":"https:\/\/hardangerfjord-hotel.no\/en\/#website","url":"https:\/\/hardangerfjord-hotel.no\/en\/","name":"Hardangerfjord Hotel by Fjordtind","description":"Sjekk inn i Hardanger","publisher":{"@id":"https:\/\/hardangerfjord-hotel.no\/en\/#organization"},"potentialAction":[{"@type":"SearchAction","target":{"@type":"EntryPoint","urlTemplate":"https:\/\/hardangerfjord-hotel.no\/en\/?s={search_term_string}"},"query-input":{"@type":"PropertyValueSpecification","valueRequired":true,"valueName":"search_term_string"}}],"inLanguage":"en-US"},{"@type":"Organization","@id":"https:\/\/hardangerfjord-hotel.no\/en\/#organization","name":"Brakanes Hotel","url":"https:\/\/hardangerfjord-hotel.no\/en\/","logo":{"@type":"ImageObject","inLanguage":"en-US","@id":"https:\/\/hardangerfjord-hotel.no\/en\/#\/schema\/logo\/image\/","url":"https:\/\/hardangerfjord-hotel.no\/wp-content\/uploads\/brakanes-hotel-hvit.png","contentUrl":"https:\/\/hardangerfjord-hotel.no\/wp-content\/uploads\/brakanes-hotel-hvit.png","width":820,"height":419,"caption":"Brakanes Hotel"},"image":{"@id":"https:\/\/hardangerfjord-hotel.no\/en\/#\/schema\/logo\/image\/"},"sameAs":["https:\/\/www.facebook.com\/Hardangerfjord\/","https:\/\/www.instagram.com\/hardangerfjordhotel\/"]}]}},"_links":{"self":[{"href":"https:\/\/hardangerfjord-hotel.no\/en\/wp-json\/wp\/v2\/pages\/1697","targetHints":{"allow":["GET"]}}],"collection":[{"href":"https:\/\/hardangerfjord-hotel.no\/en\/wp-json\/wp\/v2\/pages"}],"about":[{"href":"https:\/\/hardangerfjord-hotel.no\/en\/wp-json\/wp\/v2\/types\/page"}],"author":[{"embeddable":true,"href":"https:\/\/hardangerfjord-hotel.no\/en\/wp-json\/wp\/v2\/users\/2"}],"replies":[{"embeddable":true,"href":"https:\/\/hardangerfjord-hotel.no\/en\/wp-json\/wp\/v2\/comments?post=1697"}],"version-history":[{"count":0,"href":"https:\/\/hardangerfjord-hotel.no\/en\/wp-json\/wp\/v2\/pages\/1697\/revisions"}],"up":[{"embeddable":true,"href":"https:\/\/hardangerfjord-hotel.no\/en\/wp-json\/wp\/v2\/pages\/247"}],"wp:attachment":[{"href":"https:\/\/hardangerfjord-hotel.no\/en\/wp-json\/wp\/v2\/media?parent=1697"}],"curies":[{"name":"wp","href":"https:\/\/api.w.org\/{rel}","templated":true}]}}