{"id":2202,"date":"2025-11-04T19:22:06","date_gmt":"2025-11-04T18:22:06","guid":{"rendered":"https:\/\/hardangerfjord-hotel.no\/tur-operator\/"},"modified":"2025-12-16T10:39:04","modified_gmt":"2025-12-16T09:39:04","slug":"tour-operator","status":"publish","type":"page","link":"https:\/\/hardangerfjord-hotel.no\/en\/tour-operator\/","title":{"rendered":"Tour Operator"},"content":{"rendered":"<div class=\"wpb-content-wrapper\"><p>[vc_row full_width=&#8221;stretch_row&#8221; content_placement=&#8221;bottom&#8221; bg_type=&#8221;image&#8221; parallax_style=&#8221;vcpb-default&#8221; bg_image_new=&#8221;id^2096|url^https:\/\/hardangerfjord-hotel.no\/wp-content\/uploads\/Tilbring-9-oversikt-scaled.jpg|caption^default|alt^null|title^default|description^null&#8221; bg_img_attach=&#8221;fixed&#8221; enable_overlay=&#8221;enable_overlay_value&#8221; overlay_color=&#8221;rgba(10,10,10,0.15)&#8221; el_class=&#8221;padded-image-section&#8221;][vc_column width=&#8221;1\/2&#8243;][vc_column_text css_animation=&#8221;fadeInUp&#8221; css=&#8221;&#8221;]<\/p>\n<h1>Tur Operat\u00f8r<\/h1>\n<p>[\/vc_column_text][\/vc_column][vc_column width=&#8221;1\/2&#8243;][\/vc_column][\/vc_row][vc_row gap=&#8221;35&#8243; el_class=&#8221;padded-section-top&#8221;][vc_column width=&#8221;1\/3&#8243;][vc_column_text css_animation=&#8221;fadeInUp&#8221; css=&#8221;&#8221;]<strong>E-post:<\/strong><br \/>\n<a href=\"mailto:hardangerfjord@fjordtindhotels.no\">hardangerfjord@fjordtindhotels.no<\/a><\/p>\n<p><strong>Telefon:\u00a0<\/strong><br \/>\n<a href=\"tel:+4756556300\">+47 56 55 63 00<\/a><\/p>\n<p><strong>Bes\u00f8ksadresse:<br \/>\n<\/strong><a href=\"https:\/\/www.google.com\/maps\/place\/Hardangerfjordvegen+613,+5610+%C3%98ystese\/@60.3860131,6.1990257,17z\/data=!3m1!4b1!4m5!3m4!1s0x463c339c7a1fda23:0xe6e78284f328e84c!8m2!3d60.3860131!4d6.2012144\" target=\"_blank\" rel=\"noopener noreferrer\">Hardangerfjordvegen 613<br \/>\n5610 \u00d8ystese<\/a><\/p>\n<p>&nbsp;<\/p>\n<p>Booking for turoperat\u00f8rer[\/vc_column_text][\/vc_column][vc_column width=&#8221;1\/3&#8243;][vc_column_text css_animation=&#8221;fadeInUp&#8221; css=&#8221;&#8221;]<strong>Postadresse:<\/strong><strong><br \/>\n<\/strong>Hardangerfjord Hotel<br \/>\nHardangerfjordvegen 613<br \/>\n5610 \u00d8ystese<\/p>\n<p><strong>Fakturamottak:<\/strong><\/p>\n<p>mb.41890@xledger.net<\/p>\n<p><strong>Organisasjonsnummer:\u00a0<\/strong><br \/>\n916931301[\/vc_column_text][\/vc_column][vc_column width=&#8221;1\/3&#8243;][\/vc_column][\/vc_row][vc_row][vc_column][vc_gallery interval=&#8221;3&#8243; images=&#8221;2052,1935,2056,1850,1713,1642,881,929&#8243; img_size=&#8221;800&#215;800&#8243; css=&#8221;&#8221;][vc_separator el_class=&#8221;padded-section&#8221;][\/vc_column][\/vc_row][vc_row gap=&#8221;35&#8243;][vc_column width=&#8221;1\/3&#8243;][vc_column_text css_animation=&#8221;fadeInUp&#8221;]<strong>Erlend Espedal Lundblad <\/strong><br \/>\n<em>hotelldirekt\u00f8r<\/em><\/p>\n<p><a href=\"mailto:erlend.lundblad@fjordtindhotels.no \">erlend.lundblad@fjordtindhotels.no <\/a>[\/vc_column_text][\/vc_column][vc_column width=&#8221;1\/3&#8243;][vc_column_text css_animation=&#8221;fadeInUp&#8221; css=&#8221;&#8221;]<strong>Miriam Lervold<\/strong><br \/>\n<em>resepsjonssjef<\/em><\/p>\n<p><a href=\"mailto:hardangerfjord@fjordtindhotels.no\">miriam.lervold@fjordtindhotels.no<\/a>[\/vc_column_text][\/vc_column][vc_column width=&#8221;1\/3&#8243;][vc_column_text css_animation=&#8221;fadeInUp&#8221; css=&#8221;&#8221;]<strong>Michal Duriancik<\/strong><br \/>\n<em>kj\u00f8kkensjef<\/em><\/p>\n<p><a href=\"mailto:mariusz@fjordtindhotels.no\">Michael.duriancik@fjordtindhotels.no<\/a>[\/vc_column_text][\/vc_column][\/vc_row][vc_row gap=&#8221;35&#8243; el_class=&#8221;padded-section&#8221;][vc_column width=&#8221;1\/3&#8243;][vc_column_text css_animation=&#8221;fadeInUp&#8221;]<strong>Hunar Prodan<\/strong><br \/>\n<em>teknisk sjef<\/em><\/p>\n<p><a href=\"mailto:hunar@fjordtindhotels.no \">hunar@fjordtindhotels.no <\/a>[\/vc_column_text][\/vc_column][vc_column width=&#8221;1\/3&#8243;][vc_column_text css_animation=&#8221;fadeInUp&#8221; css=&#8221;&#8221;]<strong>Dumitru Tirdea<\/strong><br \/>\n<em>hus\u00f8konom<\/em><\/p>\n<p><a href=\"mailto:maria.prodan@fjordtindhotels.no\">Dumitru.tirdea@fjordtindhotels.no<\/a>[\/vc_column_text][\/vc_column][vc_column width=&#8221;1\/3&#8243;][vc_column_text css_animation=&#8221;fadeInUp&#8221;]<strong>Ingvild Rykkje<\/strong><br \/>\n<em>restaurant- og eventsjef<\/em><\/p>\n<p><a href=\"mailto:erlend.lundblad@fjordtindhotels.no\">Ingvild.rykkje@fjordtindhotels.no<\/a>[\/vc_column_text][\/vc_column][\/vc_row][vc_row gap=&#8221;35&#8243; el_class=&#8221;padded-section-bottom&#8221;][vc_column width=&#8221;1\/3&#8243;][vc_column_text css_animation=&#8221;fadeInUp&#8221;]<strong>Christer \u00d8kland<\/strong><br \/>\n<em>direkt\u00f8r mat og drikke <\/em><\/p>\n<p><a href=\"mailto:christer.oekland@fjordtindhotels.no \">christer.oekland@fjordtindhotels.no <\/a>[\/vc_column_text][\/vc_column][vc_column width=&#8221;1\/3&#8243;][vc_column_text css_animation=&#8221;fadeInUp&#8221;]<strong>Tina V\u00e5tvik Olsen<\/strong><br \/>\n<em>driftsdirekt\u00f8r Fjordtind Hotels\u00a0<\/em><\/p>\n<p><a href=\"mailto:tina.olsen@fjordtindhotels.no\">tina.olsen@fjordtindhotels.no<\/a>[\/vc_column_text][\/vc_column][vc_column width=&#8221;1\/3&#8243;][\/vc_column][\/vc_row][vc_row full_width=&#8221;stretch_row&#8221; bg_type=&#8221;image&#8221; parallax_style=&#8221;vcpb-default&#8221; bg_image_new=&#8221;id^69|url^https:\/\/hardangerfjord-hotel.no\/wp-content\/uploads\/pattern-bg-01.png|caption^null|alt^null|title^pattern-bg-01|description^null&#8221; bg_img_attach=&#8221;fixed&#8221; el_class=&#8221;bottom-row&#8221;][vc_column width=&#8221;1\/3&#8243;][\/vc_column][vc_column width=&#8221;1\/3&#8243;][vc_column_text css_animation=&#8221;fadeInUp&#8221;]<\/p>\n<h2>Se ogs\u00e5 v\u00e5re andre hotell i Hardanger<\/h2>\n<p>[\/vc_column_text][vc_column_text css_animation=&#8221;fadeInUp&#8221; el_class=&#8221;booking-link&#8221;]<a href=\"https:\/\/fjordtindhotels.no\/\" target=\"_blank\" rel=\"noopener noreferrer\">fjordtindhotels.no<i class=\"fal fa-long-arrow-right\"><\/i><\/a>[\/vc_column_text][\/vc_column][vc_column width=&#8221;1\/3&#8243;][\/vc_column][\/vc_row]<\/p>\n<\/div>","protected":false},"excerpt":{"rendered":"<p>[vc_row full_width=&#8221;stretch_row&#8221; content_placement=&#8221;bottom&#8221; bg_type=&#8221;image&#8221; parallax_style=&#8221;vcpb-default&#8221; bg_image_new=&#8221;id^2096|url^https:\/\/hardangerfjord-hotel.no\/wp-content\/uploads\/Tilbring-9-oversikt-scaled.jpg|caption^default|alt^null|title^default|description^null&#8221; bg_img_attach=&#8221;fixed&#8221; enable_overlay=&#8221;enable_overlay_value&#8221; overlay_color=&#8221;rgba(10,10,10,0.15)&#8221; el_class=&#8221;padded-image-section&#8221;][vc_column width=&#8221;1\/2&#8243;][vc_column_text css_animation=&#8221;fadeInUp&#8221; css=&#8221;&#8221;] Tur Operat\u00f8r [\/vc_column_text][\/vc_column][vc_column width=&#8221;1\/2&#8243;][\/vc_column][\/vc_row][vc_row gap=&#8221;35&#8243; el_class=&#8221;padded-section-top&#8221;][vc_column width=&#8221;1\/3&#8243;][vc_column_text css_animation=&#8221;fadeInUp&#8221; css=&#8221;&#8221;]E-post: hardangerfjord@fjordtindhotels.no Telefon:\u00a0 +47 56 55 63 00 Bes\u00f8ksadresse: Hardangerfjordvegen 613 5610 \u00d8ystese &nbsp; Booking for turoperat\u00f8rer[\/vc_column_text][\/vc_column][vc_column width=&#8221;1\/3&#8243;][vc_column_text css_animation=&#8221;fadeInUp&#8221; css=&#8221;&#8221;]Postadresse: Hardangerfjord Hotel Hardangerfjordvegen 613 5610 \u00d8ystese Fakturamottak: mb.41890@xledger.net Organisasjonsnummer:\u00a0 916931301[\/vc_column_text][\/vc_column][vc_column width=&#8221;1\/3&#8243;][\/vc_column][\/vc_row][vc_row][vc_column][vc_gallery interval=&#8221;3&#8243; images=&#8221;2052,1935,2056,1850,1713,1642,881,929&#8243; img_size=&#8221;800&#215;800&#8243; [&hellip;]<\/p>\n","protected":false},"author":8,"featured_media":0,"parent":0,"menu_order":0,"comment_status":"closed","ping_status":"closed","template":"fullwidth.php","meta":{"footnotes":""},"class_list":["post-2202","page","type-page","status-publish","hentry"],"yoast_head":"<!-- This site is optimized with the Yoast SEO plugin v26.8 - https:\/\/yoast.com\/product\/yoast-seo-wordpress\/ -->\n<title>Tour Operator | Hardangerfjord Hotel by Fjordtind<\/title>\n<meta name=\"robots\" content=\"index, follow, max-snippet:-1, max-image-preview:large, max-video-preview:-1\" \/>\n<link rel=\"canonical\" href=\"https:\/\/hardangerfjord-hotel.no\/en\/tour-operator\/\" \/>\n<meta property=\"og:locale\" content=\"en_US\" \/>\n<meta property=\"og:type\" content=\"article\" \/>\n<meta property=\"og:title\" content=\"Tour Operator | Hardangerfjord Hotel by Fjordtind\" \/>\n<meta property=\"og:description\" content=\"[vc_row full_width=&#8221;stretch_row&#8221; content_placement=&#8221;bottom&#8221; bg_type=&#8221;image&#8221; parallax_style=&#8221;vcpb-default&#8221; bg_image_new=&#8221;id^2096|url^https:\/\/hardangerfjord-hotel.no\/wp-content\/uploads\/Tilbring-9-oversikt-scaled.jpg|caption^default|alt^null|title^default|description^null&#8221; bg_img_attach=&#8221;fixed&#8221; enable_overlay=&#8221;enable_overlay_value&#8221; overlay_color=&#8221;rgba(10,10,10,0.15)&#8221; el_class=&#8221;padded-image-section&#8221;][vc_column width=&#8221;1\/2&#8243;][vc_column_text css_animation=&#8221;fadeInUp&#8221; css=&#8221;&#8221;] Tur Operat\u00f8r [\/vc_column_text][\/vc_column][vc_column width=&#8221;1\/2&#8243;][\/vc_column][\/vc_row][vc_row gap=&#8221;35&#8243; el_class=&#8221;padded-section-top&#8221;][vc_column width=&#8221;1\/3&#8243;][vc_column_text css_animation=&#8221;fadeInUp&#8221; css=&#8221;&#8221;]E-post: hardangerfjord@fjordtindhotels.no Telefon:\u00a0 +47 56 55 63 00 Bes\u00f8ksadresse: Hardangerfjordvegen 613 5610 \u00d8ystese &nbsp; Booking for turoperat\u00f8rer[\/vc_column_text][\/vc_column][vc_column width=&#8221;1\/3&#8243;][vc_column_text css_animation=&#8221;fadeInUp&#8221; css=&#8221;&#8221;]Postadresse: Hardangerfjord Hotel Hardangerfjordvegen 613 5610 \u00d8ystese Fakturamottak: mb.41890@xledger.net Organisasjonsnummer:\u00a0 916931301[\/vc_column_text][\/vc_column][vc_column width=&#8221;1\/3&#8243;][\/vc_column][\/vc_row][vc_row][vc_column][vc_gallery interval=&#8221;3&#8243; images=&#8221;2052,1935,2056,1850,1713,1642,881,929&#8243; img_size=&#8221;800&#215;800&#8243; [&hellip;]\" \/>\n<meta property=\"og:url\" content=\"https:\/\/hardangerfjord-hotel.no\/en\/tour-operator\/\" \/>\n<meta property=\"og:site_name\" content=\"Hardangerfjord Hotel by Fjordtind\" \/>\n<meta property=\"article:publisher\" content=\"https:\/\/www.facebook.com\/Hardangerfjord\/\" \/>\n<meta property=\"article:modified_time\" content=\"2025-12-16T09:39:04+00:00\" \/>\n<meta name=\"twitter:card\" content=\"summary_large_image\" \/>\n<meta name=\"twitter:label1\" content=\"Est. reading time\" \/>\n\t<meta name=\"twitter:data1\" content=\"1 minute\" \/>\n<script type=\"application\/ld+json\" class=\"yoast-schema-graph\">{\"@context\":\"https:\/\/schema.org\",\"@graph\":[{\"@type\":\"WebPage\",\"@id\":\"https:\/\/hardangerfjord-hotel.no\/en\/tour-operator\/\",\"url\":\"https:\/\/hardangerfjord-hotel.no\/en\/tour-operator\/\",\"name\":\"Tour Operator | Hardangerfjord Hotel by Fjordtind\",\"isPartOf\":{\"@id\":\"https:\/\/hardangerfjord-hotel.no\/en\/#website\"},\"datePublished\":\"2025-11-04T18:22:06+00:00\",\"dateModified\":\"2025-12-16T09:39:04+00:00\",\"breadcrumb\":{\"@id\":\"https:\/\/hardangerfjord-hotel.no\/en\/tour-operator\/#breadcrumb\"},\"inLanguage\":\"en-US\",\"potentialAction\":[{\"@type\":\"ReadAction\",\"target\":[\"https:\/\/hardangerfjord-hotel.no\/en\/tour-operator\/\"]}]},{\"@type\":\"BreadcrumbList\",\"@id\":\"https:\/\/hardangerfjord-hotel.no\/en\/tour-operator\/#breadcrumb\",\"itemListElement\":[{\"@type\":\"ListItem\",\"position\":1,\"name\":\"Hjem\",\"item\":\"https:\/\/hardangerfjord-hotel.no\/en\/\"},{\"@type\":\"ListItem\",\"position\":2,\"name\":\"Tour Operator\"}]},{\"@type\":\"WebSite\",\"@id\":\"https:\/\/hardangerfjord-hotel.no\/en\/#website\",\"url\":\"https:\/\/hardangerfjord-hotel.no\/en\/\",\"name\":\"Hardangerfjord Hotel by Fjordtind\",\"description\":\"Sjekk inn i Hardanger\",\"publisher\":{\"@id\":\"https:\/\/hardangerfjord-hotel.no\/en\/#organization\"},\"potentialAction\":[{\"@type\":\"SearchAction\",\"target\":{\"@type\":\"EntryPoint\",\"urlTemplate\":\"https:\/\/hardangerfjord-hotel.no\/en\/?s={search_term_string}\"},\"query-input\":{\"@type\":\"PropertyValueSpecification\",\"valueRequired\":true,\"valueName\":\"search_term_string\"}}],\"inLanguage\":\"en-US\"},{\"@type\":\"Organization\",\"@id\":\"https:\/\/hardangerfjord-hotel.no\/en\/#organization\",\"name\":\"Brakanes Hotel\",\"url\":\"https:\/\/hardangerfjord-hotel.no\/en\/\",\"logo\":{\"@type\":\"ImageObject\",\"inLanguage\":\"en-US\",\"@id\":\"https:\/\/hardangerfjord-hotel.no\/en\/#\/schema\/logo\/image\/\",\"url\":\"https:\/\/hardangerfjord-hotel.no\/wp-content\/uploads\/brakanes-hotel-hvit.png\",\"contentUrl\":\"https:\/\/hardangerfjord-hotel.no\/wp-content\/uploads\/brakanes-hotel-hvit.png\",\"width\":820,\"height\":419,\"caption\":\"Brakanes Hotel\"},\"image\":{\"@id\":\"https:\/\/hardangerfjord-hotel.no\/en\/#\/schema\/logo\/image\/\"},\"sameAs\":[\"https:\/\/www.facebook.com\/Hardangerfjord\/\",\"https:\/\/www.instagram.com\/hardangerfjordhotel\/\"]}]}<\/script>\n<!-- \/ Yoast SEO plugin. -->","yoast_head_json":{"title":"Tour Operator | Hardangerfjord Hotel by Fjordtind","robots":{"index":"index","follow":"follow","max-snippet":"max-snippet:-1","max-image-preview":"max-image-preview:large","max-video-preview":"max-video-preview:-1"},"canonical":"https:\/\/hardangerfjord-hotel.no\/en\/tour-operator\/","og_locale":"en_US","og_type":"article","og_title":"Tour Operator | Hardangerfjord Hotel by Fjordtind","og_description":"[vc_row full_width=&#8221;stretch_row&#8221; content_placement=&#8221;bottom&#8221; bg_type=&#8221;image&#8221; parallax_style=&#8221;vcpb-default&#8221; bg_image_new=&#8221;id^2096|url^https:\/\/hardangerfjord-hotel.no\/wp-content\/uploads\/Tilbring-9-oversikt-scaled.jpg|caption^default|alt^null|title^default|description^null&#8221; bg_img_attach=&#8221;fixed&#8221; enable_overlay=&#8221;enable_overlay_value&#8221; overlay_color=&#8221;rgba(10,10,10,0.15)&#8221; el_class=&#8221;padded-image-section&#8221;][vc_column width=&#8221;1\/2&#8243;][vc_column_text css_animation=&#8221;fadeInUp&#8221; css=&#8221;&#8221;] Tur Operat\u00f8r [\/vc_column_text][\/vc_column][vc_column width=&#8221;1\/2&#8243;][\/vc_column][\/vc_row][vc_row gap=&#8221;35&#8243; el_class=&#8221;padded-section-top&#8221;][vc_column width=&#8221;1\/3&#8243;][vc_column_text css_animation=&#8221;fadeInUp&#8221; css=&#8221;&#8221;]E-post: hardangerfjord@fjordtindhotels.no Telefon:\u00a0 +47 56 55 63 00 Bes\u00f8ksadresse: Hardangerfjordvegen 613 5610 \u00d8ystese &nbsp; Booking for turoperat\u00f8rer[\/vc_column_text][\/vc_column][vc_column width=&#8221;1\/3&#8243;][vc_column_text css_animation=&#8221;fadeInUp&#8221; css=&#8221;&#8221;]Postadresse: Hardangerfjord Hotel Hardangerfjordvegen 613 5610 \u00d8ystese Fakturamottak: mb.41890@xledger.net Organisasjonsnummer:\u00a0 916931301[\/vc_column_text][\/vc_column][vc_column width=&#8221;1\/3&#8243;][\/vc_column][\/vc_row][vc_row][vc_column][vc_gallery interval=&#8221;3&#8243; images=&#8221;2052,1935,2056,1850,1713,1642,881,929&#8243; img_size=&#8221;800&#215;800&#8243; [&hellip;]","og_url":"https:\/\/hardangerfjord-hotel.no\/en\/tour-operator\/","og_site_name":"Hardangerfjord Hotel by Fjordtind","article_publisher":"https:\/\/www.facebook.com\/Hardangerfjord\/","article_modified_time":"2025-12-16T09:39:04+00:00","twitter_card":"summary_large_image","twitter_misc":{"Est. reading time":"1 minute"},"schema":{"@context":"https:\/\/schema.org","@graph":[{"@type":"WebPage","@id":"https:\/\/hardangerfjord-hotel.no\/en\/tour-operator\/","url":"https:\/\/hardangerfjord-hotel.no\/en\/tour-operator\/","name":"Tour Operator | Hardangerfjord Hotel by Fjordtind","isPartOf":{"@id":"https:\/\/hardangerfjord-hotel.no\/en\/#website"},"datePublished":"2025-11-04T18:22:06+00:00","dateModified":"2025-12-16T09:39:04+00:00","breadcrumb":{"@id":"https:\/\/hardangerfjord-hotel.no\/en\/tour-operator\/#breadcrumb"},"inLanguage":"en-US","potentialAction":[{"@type":"ReadAction","target":["https:\/\/hardangerfjord-hotel.no\/en\/tour-operator\/"]}]},{"@type":"BreadcrumbList","@id":"https:\/\/hardangerfjord-hotel.no\/en\/tour-operator\/#breadcrumb","itemListElement":[{"@type":"ListItem","position":1,"name":"Hjem","item":"https:\/\/hardangerfjord-hotel.no\/en\/"},{"@type":"ListItem","position":2,"name":"Tour Operator"}]},{"@type":"WebSite","@id":"https:\/\/hardangerfjord-hotel.no\/en\/#website","url":"https:\/\/hardangerfjord-hotel.no\/en\/","name":"Hardangerfjord Hotel by Fjordtind","description":"Sjekk inn i Hardanger","publisher":{"@id":"https:\/\/hardangerfjord-hotel.no\/en\/#organization"},"potentialAction":[{"@type":"SearchAction","target":{"@type":"EntryPoint","urlTemplate":"https:\/\/hardangerfjord-hotel.no\/en\/?s={search_term_string}"},"query-input":{"@type":"PropertyValueSpecification","valueRequired":true,"valueName":"search_term_string"}}],"inLanguage":"en-US"},{"@type":"Organization","@id":"https:\/\/hardangerfjord-hotel.no\/en\/#organization","name":"Brakanes Hotel","url":"https:\/\/hardangerfjord-hotel.no\/en\/","logo":{"@type":"ImageObject","inLanguage":"en-US","@id":"https:\/\/hardangerfjord-hotel.no\/en\/#\/schema\/logo\/image\/","url":"https:\/\/hardangerfjord-hotel.no\/wp-content\/uploads\/brakanes-hotel-hvit.png","contentUrl":"https:\/\/hardangerfjord-hotel.no\/wp-content\/uploads\/brakanes-hotel-hvit.png","width":820,"height":419,"caption":"Brakanes Hotel"},"image":{"@id":"https:\/\/hardangerfjord-hotel.no\/en\/#\/schema\/logo\/image\/"},"sameAs":["https:\/\/www.facebook.com\/Hardangerfjord\/","https:\/\/www.instagram.com\/hardangerfjordhotel\/"]}]}},"_links":{"self":[{"href":"https:\/\/hardangerfjord-hotel.no\/en\/wp-json\/wp\/v2\/pages\/2202","targetHints":{"allow":["GET"]}}],"collection":[{"href":"https:\/\/hardangerfjord-hotel.no\/en\/wp-json\/wp\/v2\/pages"}],"about":[{"href":"https:\/\/hardangerfjord-hotel.no\/en\/wp-json\/wp\/v2\/types\/page"}],"author":[{"embeddable":true,"href":"https:\/\/hardangerfjord-hotel.no\/en\/wp-json\/wp\/v2\/users\/8"}],"replies":[{"embeddable":true,"href":"https:\/\/hardangerfjord-hotel.no\/en\/wp-json\/wp\/v2\/comments?post=2202"}],"version-history":[{"count":7,"href":"https:\/\/hardangerfjord-hotel.no\/en\/wp-json\/wp\/v2\/pages\/2202\/revisions"}],"predecessor-version":[{"id":2225,"href":"https:\/\/hardangerfjord-hotel.no\/en\/wp-json\/wp\/v2\/pages\/2202\/revisions\/2225"}],"wp:attachment":[{"href":"https:\/\/hardangerfjord-hotel.no\/en\/wp-json\/wp\/v2\/media?parent=2202"}],"curies":[{"name":"wp","href":"https:\/\/api.w.org\/{rel}","templated":true}]}}